{"id":211,"date":"2021-12-12T09:56:38","date_gmt":"2021-12-12T08:56:38","guid":{"rendered":"https:\/\/profaber.consulting\/?page_id=211"},"modified":"2021-12-13T10:10:49","modified_gmt":"2021-12-13T09:10:49","slug":"herzlich-willkommen-am","status":"publish","type":"page","link":"https:\/\/profaber.consulting\/","title":{"rendered":"Herzlich Willkommen"},"content":{"rendered":"\n<p><\/p>\n\n\n<h3><!--?php\necho date(\"d.m.Y\");\n?--><\/h3>\n<p><b>ProFaber<\/b> bietet Ihnen einen umfassenden Service in der <b>betriebswirtschaftlichen Beratung<\/b> &#8211;<\/p>\n<p><b>Kurzfristige Unterst\u00fctzung<\/b> bei Engp\u00e4ssen, <b>Projektarbeiten<\/b> und allgemeine <b>Beratung und Begleitung<\/b> von Selbst\u00e4ndigen und Gr\u00fcndern.<\/p>\n<p>Ein unterst\u00fctzendes Netzwerk vom Coach bis zum Steuerberater ist zu Ihrem <b>umfassenden Support<\/b> vorhanden.<\/p>","protected":false},"excerpt":{"rendered":"<p>ProFaber bietet Ihnen einen umfassenden Service in der betriebswirtschaftlichen Beratung &#8211; Kurzfristige Unterst\u00fctzung bei Engp\u00e4ssen, Projektarbeiten und allgemeine Beratung und Begleitung von Selbst\u00e4ndigen und Gr\u00fcndern. Ein unterst\u00fctzendes Netzwerk vom Coach bis zum Steuerberater ist zu Ihrem umfassenden Support vorhanden.<\/p>\n","protected":false},"author":1,"featured_media":0,"parent":0,"menu_order":0,"comment_status":"closed","ping_status":"closed","template":"","meta":[],"_links":{"self":[{"href":"https:\/\/profaber.consulting\/index.php?rest_route=\/wp\/v2\/pages\/211"}],"collection":[{"href":"https:\/\/profaber.consulting\/index.php?rest_route=\/wp\/v2\/pages"}],"about":[{"href":"https:\/\/profaber.consulting\/index.php?rest_route=\/wp\/v2\/types\/page"}],"author":[{"embeddable":true,"href":"https:\/\/profaber.consulting\/index.php?rest_route=\/wp\/v2\/users\/1"}],"replies":[{"embeddable":true,"href":"https:\/\/profaber.consulting\/index.php?rest_route=%2Fwp%2Fv2%2Fcomments&post=211"}],"version-history":[{"count":5,"href":"https:\/\/profaber.consulting\/index.php?rest_route=\/wp\/v2\/pages\/211\/revisions"}],"predecessor-version":[{"id":316,"href":"https:\/\/profaber.consulting\/index.php?rest_route=\/wp\/v2\/pages\/211\/revisions\/316"}],"wp:attachment":[{"href":"https:\/\/profaber.consulting\/index.php?rest_route=%2Fwp%2Fv2%2Fmedia&parent=211"}],"curies":[{"name":"wp","href":"https:\/\/api.w.org\/{rel}","templated":true}]}}